{"id":331,"date":"2020-07-23T15:02:45","date_gmt":"2020-07-23T13:02:45","guid":{"rendered":"https:\/\/www.odyssey-harps.eu\/join-the-odyssey-club\/"},"modified":"2023-04-26T17:01:02","modified_gmt":"2023-04-26T15:01:02","slug":"certificat-garantie","status":"publish","type":"page","link":"https:\/\/www.odyssey-harps.eu\/fr\/certificat-garantie\/","title":{"rendered":"T\u00e9l\u00e9chargez votre certificat de garantie"},"content":{"rendered":"","protected":false},"excerpt":{"rendered":"","protected":false},"author":3,"featured_media":0,"parent":0,"menu_order":34,"comment_status":"closed","ping_status":"closed","template":"","meta":{"_acf_changed":false,"footnotes":""},"class_list":["post-331","page","type-page","status-publish","hentry"],"acf":[],"yoast_head":"<!-- This site is optimized with the Yoast SEO plugin v27.3 - https:\/\/yoast.com\/product\/yoast-seo-wordpress\/ -->\n<title>Bienvenue au Club Odyss\u00e9e ! Ouvert \u00e0 tous avec une harpe Odyss\u00e9e<\/title>\n<meta name=\"description\" content=\"Bienvenue au Club Odyss\u00e9e : vid\u00e9os exclusives, conseils d&#039;entretien de la harpe, comment accorder votre harpe, et plus encore.\" \/>\n<meta name=\"robots\" content=\"index, follow, max-snippet:-1, max-image-preview:large, max-video-preview:-1\" \/>\n<link rel=\"canonical\" href=\"https:\/\/www.odyssey-harps.eu\/fr\/certificat-garantie\/\" \/>\n<meta property=\"og:locale\" content=\"fr_FR\" \/>\n<meta property=\"og:type\" content=\"article\" \/>\n<meta property=\"og:title\" content=\"Bienvenue au Club Odyss\u00e9e ! Ouvert \u00e0 tous avec une harpe Odyss\u00e9e\" \/>\n<meta property=\"og:description\" content=\"Bienvenue au Club Odyss\u00e9e : vid\u00e9os exclusives, conseils d&#039;entretien de la harpe, comment accorder votre harpe, et plus encore.\" \/>\n<meta property=\"og:url\" content=\"https:\/\/www.odyssey-harps.eu\/fr\/certificat-garantie\/\" \/>\n<meta property=\"og:site_name\" content=\"Odyssey Harps\" \/>\n<meta property=\"article:modified_time\" content=\"2023-04-26T15:01:02+00:00\" \/>\n<meta name=\"twitter:card\" content=\"summary_large_image\" \/>\n<script type=\"application\/ld+json\" class=\"yoast-schema-graph\">{\"@context\":\"https:\\\/\\\/schema.org\",\"@graph\":[{\"@type\":\"WebPage\",\"@id\":\"https:\\\/\\\/www.odyssey-harps.eu\\\/fr\\\/certificat-garantie\\\/\",\"url\":\"https:\\\/\\\/www.odyssey-harps.eu\\\/fr\\\/certificat-garantie\\\/\",\"name\":\"Bienvenue au Club Odyss\u00e9e ! Ouvert \u00e0 tous avec une harpe Odyss\u00e9e\",\"isPartOf\":{\"@id\":\"https:\\\/\\\/www.odyssey-harps.eu\\\/fr\\\/#website\"},\"datePublished\":\"2020-07-23T13:02:45+00:00\",\"dateModified\":\"2023-04-26T15:01:02+00:00\",\"description\":\"Bienvenue au Club Odyss\u00e9e : vid\u00e9os exclusives, conseils d'entretien de la harpe, comment accorder votre harpe, et plus encore.\",\"breadcrumb\":{\"@id\":\"https:\\\/\\\/www.odyssey-harps.eu\\\/fr\\\/certificat-garantie\\\/#breadcrumb\"},\"inLanguage\":\"fr-FR\",\"potentialAction\":[{\"@type\":\"ReadAction\",\"target\":[\"https:\\\/\\\/www.odyssey-harps.eu\\\/fr\\\/certificat-garantie\\\/\"]}]},{\"@type\":\"BreadcrumbList\",\"@id\":\"https:\\\/\\\/www.odyssey-harps.eu\\\/fr\\\/certificat-garantie\\\/#breadcrumb\",\"itemListElement\":[{\"@type\":\"ListItem\",\"position\":1,\"name\":\"Home\",\"item\":\"https:\\\/\\\/www.odyssey-harps.eu\\\/fr\\\/\"},{\"@type\":\"ListItem\",\"position\":2,\"name\":\"T\u00e9l\u00e9chargez votre certificat de garantie\"}]},{\"@type\":\"WebSite\",\"@id\":\"https:\\\/\\\/www.odyssey-harps.eu\\\/fr\\\/#website\",\"url\":\"https:\\\/\\\/www.odyssey-harps.eu\\\/fr\\\/\",\"name\":\"Odyssey Harps\",\"description\":\"\",\"potentialAction\":[{\"@type\":\"SearchAction\",\"target\":{\"@type\":\"EntryPoint\",\"urlTemplate\":\"https:\\\/\\\/www.odyssey-harps.eu\\\/fr\\\/?s={search_term_string}\"},\"query-input\":{\"@type\":\"PropertyValueSpecification\",\"valueRequired\":true,\"valueName\":\"search_term_string\"}}],\"inLanguage\":\"fr-FR\"}]}<\/script>\n<!-- \/ Yoast SEO plugin. -->","yoast_head_json":{"title":"Bienvenue au Club Odyss\u00e9e ! Ouvert \u00e0 tous avec une harpe Odyss\u00e9e","description":"Bienvenue au Club Odyss\u00e9e : vid\u00e9os exclusives, conseils d'entretien de la harpe, comment accorder votre harpe, et plus encore.","robots":{"index":"index","follow":"follow","max-snippet":"max-snippet:-1","max-image-preview":"max-image-preview:large","max-video-preview":"max-video-preview:-1"},"canonical":"https:\/\/www.odyssey-harps.eu\/fr\/certificat-garantie\/","og_locale":"fr_FR","og_type":"article","og_title":"Bienvenue au Club Odyss\u00e9e ! Ouvert \u00e0 tous avec une harpe Odyss\u00e9e","og_description":"Bienvenue au Club Odyss\u00e9e : vid\u00e9os exclusives, conseils d'entretien de la harpe, comment accorder votre harpe, et plus encore.","og_url":"https:\/\/www.odyssey-harps.eu\/fr\/certificat-garantie\/","og_site_name":"Odyssey Harps","article_modified_time":"2023-04-26T15:01:02+00:00","twitter_card":"summary_large_image","schema":{"@context":"https:\/\/schema.org","@graph":[{"@type":"WebPage","@id":"https:\/\/www.odyssey-harps.eu\/fr\/certificat-garantie\/","url":"https:\/\/www.odyssey-harps.eu\/fr\/certificat-garantie\/","name":"Bienvenue au Club Odyss\u00e9e ! Ouvert \u00e0 tous avec une harpe Odyss\u00e9e","isPartOf":{"@id":"https:\/\/www.odyssey-harps.eu\/fr\/#website"},"datePublished":"2020-07-23T13:02:45+00:00","dateModified":"2023-04-26T15:01:02+00:00","description":"Bienvenue au Club Odyss\u00e9e : vid\u00e9os exclusives, conseils d'entretien de la harpe, comment accorder votre harpe, et plus encore.","breadcrumb":{"@id":"https:\/\/www.odyssey-harps.eu\/fr\/certificat-garantie\/#breadcrumb"},"inLanguage":"fr-FR","potentialAction":[{"@type":"ReadAction","target":["https:\/\/www.odyssey-harps.eu\/fr\/certificat-garantie\/"]}]},{"@type":"BreadcrumbList","@id":"https:\/\/www.odyssey-harps.eu\/fr\/certificat-garantie\/#breadcrumb","itemListElement":[{"@type":"ListItem","position":1,"name":"Home","item":"https:\/\/www.odyssey-harps.eu\/fr\/"},{"@type":"ListItem","position":2,"name":"T\u00e9l\u00e9chargez votre certificat de garantie"}]},{"@type":"WebSite","@id":"https:\/\/www.odyssey-harps.eu\/fr\/#website","url":"https:\/\/www.odyssey-harps.eu\/fr\/","name":"Odyssey Harps","description":"","potentialAction":[{"@type":"SearchAction","target":{"@type":"EntryPoint","urlTemplate":"https:\/\/www.odyssey-harps.eu\/fr\/?s={search_term_string}"},"query-input":{"@type":"PropertyValueSpecification","valueRequired":true,"valueName":"search_term_string"}}],"inLanguage":"fr-FR"}]}},"_links":{"self":[{"href":"https:\/\/www.odyssey-harps.eu\/fr\/wp-json\/wp\/v2\/pages\/331","targetHints":{"allow":["GET"]}}],"collection":[{"href":"https:\/\/www.odyssey-harps.eu\/fr\/wp-json\/wp\/v2\/pages"}],"about":[{"href":"https:\/\/www.odyssey-harps.eu\/fr\/wp-json\/wp\/v2\/types\/page"}],"author":[{"embeddable":true,"href":"https:\/\/www.odyssey-harps.eu\/fr\/wp-json\/wp\/v2\/users\/3"}],"replies":[{"embeddable":true,"href":"https:\/\/www.odyssey-harps.eu\/fr\/wp-json\/wp\/v2\/comments?post=331"}],"version-history":[{"count":10,"href":"https:\/\/www.odyssey-harps.eu\/fr\/wp-json\/wp\/v2\/pages\/331\/revisions"}],"predecessor-version":[{"id":6531,"href":"https:\/\/www.odyssey-harps.eu\/fr\/wp-json\/wp\/v2\/pages\/331\/revisions\/6531"}],"wp:attachment":[{"href":"https:\/\/www.odyssey-harps.eu\/fr\/wp-json\/wp\/v2\/media?parent=331"}],"curies":[{"name":"wp","href":"https:\/\/api.w.org\/{rel}","templated":true}]}}