{"id":322,"date":"2020-07-23T15:04:28","date_gmt":"2020-07-23T13:04:28","guid":{"rendered":"https:\/\/www.odyssey-harps.eu\/odyssey-by-camac-privacy\/"},"modified":"2020-08-31T13:06:04","modified_gmt":"2020-08-31T11:06:04","slug":"politique-de-confidentialite","status":"publish","type":"page","link":"https:\/\/www.odyssey-harps.eu\/fr\/politique-de-confidentialite\/","title":{"rendered":"Politique de confidentialit\u00e9"},"content":{"rendered":"","protected":false},"excerpt":{"rendered":"","protected":false},"author":3,"featured_media":0,"parent":0,"menu_order":41,"comment_status":"closed","ping_status":"closed","template":"","meta":{"_acf_changed":false,"footnotes":""},"class_list":["post-322","page","type-page","status-publish","hentry"],"acf":[],"yoast_head":"<!-- This site is optimized with the Yoast SEO plugin v27.3 - https:\/\/yoast.com\/product\/yoast-seo-wordpress\/ -->\n<title>Politique de confidentialit\u00e9, protection des donn\u00e9es et cookies<\/title>\n<meta name=\"description\" content=\"Politique de confidentialit\u00e9, protection des donn\u00e9es et cookies. Nous prenons votre vie priv\u00e9e au s\u00e9rieux et nous respectons le RGPD.\" \/>\n<meta name=\"robots\" content=\"index, follow, max-snippet:-1, max-image-preview:large, max-video-preview:-1\" \/>\n<link rel=\"canonical\" href=\"https:\/\/www.odyssey-harps.eu\/fr\/politique-de-confidentialite\/\" \/>\n<meta property=\"og:locale\" content=\"fr_FR\" \/>\n<meta property=\"og:type\" content=\"article\" \/>\n<meta property=\"og:title\" content=\"Politique de confidentialit\u00e9, protection des donn\u00e9es et cookies\" \/>\n<meta property=\"og:description\" content=\"Politique de confidentialit\u00e9, protection des donn\u00e9es et cookies. Nous prenons votre vie priv\u00e9e au s\u00e9rieux et nous respectons le RGPD.\" \/>\n<meta property=\"og:url\" content=\"https:\/\/www.odyssey-harps.eu\/fr\/politique-de-confidentialite\/\" \/>\n<meta property=\"og:site_name\" content=\"Odyssey Harps\" \/>\n<meta property=\"article:modified_time\" content=\"2020-08-31T11:06:04+00:00\" \/>\n<meta name=\"twitter:card\" content=\"summary_large_image\" \/>\n<script type=\"application\/ld+json\" class=\"yoast-schema-graph\">{\"@context\":\"https:\\\/\\\/schema.org\",\"@graph\":[{\"@type\":\"WebPage\",\"@id\":\"https:\\\/\\\/www.odyssey-harps.eu\\\/fr\\\/politique-de-confidentialite\\\/\",\"url\":\"https:\\\/\\\/www.odyssey-harps.eu\\\/fr\\\/politique-de-confidentialite\\\/\",\"name\":\"Politique de confidentialit\u00e9, protection des donn\u00e9es et cookies\",\"isPartOf\":{\"@id\":\"https:\\\/\\\/www.odyssey-harps.eu\\\/fr\\\/#website\"},\"datePublished\":\"2020-07-23T13:04:28+00:00\",\"dateModified\":\"2020-08-31T11:06:04+00:00\",\"description\":\"Politique de confidentialit\u00e9, protection des donn\u00e9es et cookies. Nous prenons votre vie priv\u00e9e au s\u00e9rieux et nous respectons le RGPD.\",\"breadcrumb\":{\"@id\":\"https:\\\/\\\/www.odyssey-harps.eu\\\/fr\\\/politique-de-confidentialite\\\/#breadcrumb\"},\"inLanguage\":\"fr-FR\",\"potentialAction\":[{\"@type\":\"ReadAction\",\"target\":[\"https:\\\/\\\/www.odyssey-harps.eu\\\/fr\\\/politique-de-confidentialite\\\/\"]}]},{\"@type\":\"BreadcrumbList\",\"@id\":\"https:\\\/\\\/www.odyssey-harps.eu\\\/fr\\\/politique-de-confidentialite\\\/#breadcrumb\",\"itemListElement\":[{\"@type\":\"ListItem\",\"position\":1,\"name\":\"Home\",\"item\":\"https:\\\/\\\/www.odyssey-harps.eu\\\/fr\\\/\"},{\"@type\":\"ListItem\",\"position\":2,\"name\":\"Politique de confidentialit\u00e9\"}]},{\"@type\":\"WebSite\",\"@id\":\"https:\\\/\\\/www.odyssey-harps.eu\\\/fr\\\/#website\",\"url\":\"https:\\\/\\\/www.odyssey-harps.eu\\\/fr\\\/\",\"name\":\"Odyssey Harps\",\"description\":\"\",\"potentialAction\":[{\"@type\":\"SearchAction\",\"target\":{\"@type\":\"EntryPoint\",\"urlTemplate\":\"https:\\\/\\\/www.odyssey-harps.eu\\\/fr\\\/?s={search_term_string}\"},\"query-input\":{\"@type\":\"PropertyValueSpecification\",\"valueRequired\":true,\"valueName\":\"search_term_string\"}}],\"inLanguage\":\"fr-FR\"}]}<\/script>\n<!-- \/ Yoast SEO plugin. -->","yoast_head_json":{"title":"Politique de confidentialit\u00e9, protection des donn\u00e9es et cookies","description":"Politique de confidentialit\u00e9, protection des donn\u00e9es et cookies. Nous prenons votre vie priv\u00e9e au s\u00e9rieux et nous respectons le RGPD.","robots":{"index":"index","follow":"follow","max-snippet":"max-snippet:-1","max-image-preview":"max-image-preview:large","max-video-preview":"max-video-preview:-1"},"canonical":"https:\/\/www.odyssey-harps.eu\/fr\/politique-de-confidentialite\/","og_locale":"fr_FR","og_type":"article","og_title":"Politique de confidentialit\u00e9, protection des donn\u00e9es et cookies","og_description":"Politique de confidentialit\u00e9, protection des donn\u00e9es et cookies. Nous prenons votre vie priv\u00e9e au s\u00e9rieux et nous respectons le RGPD.","og_url":"https:\/\/www.odyssey-harps.eu\/fr\/politique-de-confidentialite\/","og_site_name":"Odyssey Harps","article_modified_time":"2020-08-31T11:06:04+00:00","twitter_card":"summary_large_image","schema":{"@context":"https:\/\/schema.org","@graph":[{"@type":"WebPage","@id":"https:\/\/www.odyssey-harps.eu\/fr\/politique-de-confidentialite\/","url":"https:\/\/www.odyssey-harps.eu\/fr\/politique-de-confidentialite\/","name":"Politique de confidentialit\u00e9, protection des donn\u00e9es et cookies","isPartOf":{"@id":"https:\/\/www.odyssey-harps.eu\/fr\/#website"},"datePublished":"2020-07-23T13:04:28+00:00","dateModified":"2020-08-31T11:06:04+00:00","description":"Politique de confidentialit\u00e9, protection des donn\u00e9es et cookies. Nous prenons votre vie priv\u00e9e au s\u00e9rieux et nous respectons le RGPD.","breadcrumb":{"@id":"https:\/\/www.odyssey-harps.eu\/fr\/politique-de-confidentialite\/#breadcrumb"},"inLanguage":"fr-FR","potentialAction":[{"@type":"ReadAction","target":["https:\/\/www.odyssey-harps.eu\/fr\/politique-de-confidentialite\/"]}]},{"@type":"BreadcrumbList","@id":"https:\/\/www.odyssey-harps.eu\/fr\/politique-de-confidentialite\/#breadcrumb","itemListElement":[{"@type":"ListItem","position":1,"name":"Home","item":"https:\/\/www.odyssey-harps.eu\/fr\/"},{"@type":"ListItem","position":2,"name":"Politique de confidentialit\u00e9"}]},{"@type":"WebSite","@id":"https:\/\/www.odyssey-harps.eu\/fr\/#website","url":"https:\/\/www.odyssey-harps.eu\/fr\/","name":"Odyssey Harps","description":"","potentialAction":[{"@type":"SearchAction","target":{"@type":"EntryPoint","urlTemplate":"https:\/\/www.odyssey-harps.eu\/fr\/?s={search_term_string}"},"query-input":{"@type":"PropertyValueSpecification","valueRequired":true,"valueName":"search_term_string"}}],"inLanguage":"fr-FR"}]}},"_links":{"self":[{"href":"https:\/\/www.odyssey-harps.eu\/fr\/wp-json\/wp\/v2\/pages\/322","targetHints":{"allow":["GET"]}}],"collection":[{"href":"https:\/\/www.odyssey-harps.eu\/fr\/wp-json\/wp\/v2\/pages"}],"about":[{"href":"https:\/\/www.odyssey-harps.eu\/fr\/wp-json\/wp\/v2\/types\/page"}],"author":[{"embeddable":true,"href":"https:\/\/www.odyssey-harps.eu\/fr\/wp-json\/wp\/v2\/users\/3"}],"replies":[{"embeddable":true,"href":"https:\/\/www.odyssey-harps.eu\/fr\/wp-json\/wp\/v2\/comments?post=322"}],"version-history":[{"count":5,"href":"https:\/\/www.odyssey-harps.eu\/fr\/wp-json\/wp\/v2\/pages\/322\/revisions"}],"predecessor-version":[{"id":3052,"href":"https:\/\/www.odyssey-harps.eu\/fr\/wp-json\/wp\/v2\/pages\/322\/revisions\/3052"}],"wp:attachment":[{"href":"https:\/\/www.odyssey-harps.eu\/fr\/wp-json\/wp\/v2\/media?parent=322"}],"curies":[{"name":"wp","href":"https:\/\/api.w.org\/{rel}","templated":true}]}}